{"id":3,"date":"2021-03-29T19:35:18","date_gmt":"2021-03-30T00:35:18","guid":{"rendered":"http:\/\/mincaglamping.local\/?page_id=3"},"modified":"2021-06-18T18:15:01","modified_gmt":"2021-06-18T23:15:01","slug":"politica-de-privacidad","status":"publish","type":"page","link":"https:\/\/mincaglamping.com\/fr\/politique-de-privacite\/","title":{"rendered":"Politique de Privacit\u00e9"},"content":{"rendered":"<p>MincaGlamping (\"nous\", \"nos\", ou \"notre\") exploite le site web <a href=\"https:\/\/mincaglamping.com\/fr\/\">mincaglamping.com<\/a><\/p>\n\n\n\n<p>Cette page vous informe de nos politiques concernant la collecte, l'utilisation et la divulgation d'informations personnelles lorsque vous utilisez notre service.<\/p>\n\n\n\n<p>Nous n'utiliserons ni ne partagerons vos informations avec quiconque, sauf dans les cas d\u00e9crits dans la pr\u00e9sente politique de confidentialit\u00e9.<\/p>\n\n\n\n<p>Nous utilisons vos informations personnelles pour fournir et am\u00e9liorer le service. En utilisant le service, vous acceptez la collecte et l'utilisation d'informations conform\u00e9ment \u00e0 la pr\u00e9sente politique. Sauf d\u00e9finition contraire dans la pr\u00e9sente politique de confidentialit\u00e9, les termes utilis\u00e9s dans la pr\u00e9sente politique de confidentialit\u00e9 ont la m\u00eame signification que dans nos conditions g\u00e9n\u00e9rales, accessibles \u00e0 l'adresse suivante <a href=\"https:\/\/mincaglamping.com\/fr\/\">mincaglamping.com<\/a><\/p>\n\n\n\n<h2 class=\"wp-block-heading\">Collecte et utilisation des informations<\/h2>\n\n\n\n<p>Lors de l'utilisation de notre service, nous pouvons vous demander de nous fournir certaines informations personnellement identifiables qui peuvent \u00eatre utilis\u00e9es pour vous contacter ou vous identifier. Les informations personnellement identifiables (\"Informations personnelles\") peuvent inclure, mais ne sont pas limit\u00e9es \u00e0 :<\/p>\n\n\n\n<ul class=\"wp-block-list\"><li>Nom<\/li><li>Adresse Mail<\/li><li>Num\u00e9ro de t\u00e9l\u00e9phone<\/li><\/ul>\n\n\n\n<h2 class=\"wp-block-heading\">Donn\u00e9es d'enregistrement<\/h2>\n\n\n\n<p>Nous recueillons les informations que votre navigateur envoie lorsque vous visitez notre service (\"donn\u00e9es de journal\"). Ces donn\u00e9es de journal peuvent inclure des informations telles que l'adresse de protocole Internet (\"IP\") de votre ordinateur, le type de navigateur, la version du navigateur, les pages de notre service que vous visitez, l'heure et la date de votre visite, le temps pass\u00e9 sur ces pages et d'autres statistiques.<\/p>\n\n\n\n<h2 class=\"wp-block-heading\">Cookies<\/h2>\n\n\n\n<p>Les cookies sont des fichiers contenant une petite quantit\u00e9 de donn\u00e9es, qui peuvent inclure un identifiant unique anonyme. Les cookies sont envoy\u00e9s \u00e0 votre navigateur par un site web et stock\u00e9s sur le disque dur de votre ordinateur.<\/p>\n\n\n\n<p>Nous utilisons des \"cookies\" pour collecter des informations. Vous pouvez demander \u00e0 votre navigateur de refuser tous les cookies ou d'indiquer quand un cookie est envoy\u00e9. Toutefois, si vous n'acceptez pas les cookies, il se peut que vous ne puissiez pas utiliser certaines parties de notre service.<\/p>\n\n\n\n<h2 class=\"wp-block-heading\">Fournisseurs de services<\/h2>\n\n\n\n<p>Nous pouvons employer des soci\u00e9t\u00e9s et des individus tiers pour faciliter notre Service, pour fournir le Service en notre nom, pour effectuer des services li\u00e9s au Service, ou pour nous aider \u00e0 analyser comment notre Service est utilis\u00e9.<\/p>\n\n\n\n<p>Ces tiers ont acc\u00e8s \u00e0 vos donn\u00e9es personnelles uniquement pour effectuer ces t\u00e2ches en notre nom et sont tenus de ne pas les divulguer ou les utiliser \u00e0 d'autres fins.<\/p>\n\n\n\n<h2 class=\"wp-block-heading\">S\u00e9curit\u00e9<\/h2>\n\n\n\n<p>La s\u00e9curit\u00e9 de vos informations personnelles est importante pour nous, mais n'oubliez pas qu'aucune m\u00e9thode de transmission sur Internet, ni aucune m\u00e9thode de stockage \u00e9lectronique, n'est s\u00fbre \u00e0 100 %. Bien que nous nous efforcions d'utiliser des moyens commercialement acceptables pour prot\u00e9ger vos informations personnelles, nous ne pouvons pas garantir leur s\u00e9curit\u00e9 absolue.<\/p>\n\n\n\n<h2 class=\"wp-block-heading\">Liens vers d'autres sites<\/h2>\n\n\n\n<p>Nuestro Servicio puede contener enlaces a otros sitios que no son operados por nosotros. Si hace clic en un enlace de un tercero, ser\u00e1 dirigido al sitio de ese tercero. Le recomendamos encarecidamente que revise la pol\u00edtica de privacidad de cada sitio que visite.<\/p>\n\n\n\n<p>Nous n'avons aucun contr\u00f4le et n'assumons aucune responsabilit\u00e9 quant au contenu, aux politiques de confidentialit\u00e9 ou aux pratiques de tout site ou service tiers.<\/p>\n\n\n\n<h2 class=\"wp-block-heading\">La vie priv\u00e9e des enfants<\/h2>\n\n\n\n<p>Notre service n'est pas destin\u00e9 aux personnes \u00e2g\u00e9es de moins de 18 ans (les \"enfants\").<\/p>\n\n\n\n<p>Nous ne collectons pas sciemment d'informations personnellement identifiables aupr\u00e8s d'enfants de moins de 18 ans. Si vous \u00eates un parent ou un tuteur et que vous savez que votre enfant nous a fourni des informations personnelles, veuillez nous contacter. Si nous d\u00e9couvrons qu'un enfant de moins de 18 ans nous a fourni des informations personnelles, nous supprimerons imm\u00e9diatement ces informations de nos serveurs.<\/p>\n\n\n\n<h2 class=\"wp-block-heading\">Application de la loi<\/h2>\n\n\n\n<p>Nous divulguons vos informations personnelles lorsque la loi ou une assignation \u00e0 compara\u00eetre nous y oblige.<\/p>\n\n\n\n<h2 class=\"wp-block-heading\">Modifications de la pr\u00e9sente politique de confidentialit\u00e9<\/h2>\n\n\n\n<p>Nous pouvons mettre \u00e0 jour notre politique de confidentialit\u00e9 de temps \u00e0 autre. Nous vous informerons de toute modification en publiant la nouvelle politique de confidentialit\u00e9 sur cette page.<\/p>\n\n\n\n<p>Nous vous conseillons de consulter r\u00e9guli\u00e8rement cette politique de confidentialit\u00e9 pour prendre connaissance des \u00e9ventuelles modifications. Les modifications apport\u00e9es \u00e0 la pr\u00e9sente politique de confidentialit\u00e9 entrent en vigueur d\u00e8s leur publication sur cette page.<\/p>\n\n\n\n<h2 class=\"wp-block-heading\">Contactez-nous<\/h2>\n\n\n\n<p>Si vous avez des questions sur cette politique de confidentialit\u00e9, veuillez nous contacter.<\/p>","protected":false},"excerpt":{"rendered":"<p>MincaGlamping (&#8220;nosotros&#8221;, &#8220;nos&#8221;, o &#8220;nuestro&#8221;) opera el sitio web mincaglamping.com Esta p\u00e1gina le informa de nuestras pol\u00edticas relativas a la recopilaci\u00f3n, el uso y la divulgaci\u00f3n de la informaci\u00f3n personal cuando usted utiliza nuestro Servicio. No utilizaremos ni compartiremos su informaci\u00f3n con nadie, excepto como se describe en esta Pol\u00edtica de Privacidad. Utilizamos su informaci\u00f3n&#8230;<\/p>","protected":false},"author":2,"featured_media":0,"parent":0,"menu_order":0,"comment_status":"closed","ping_status":"closed","template":"","meta":{"_kad_blocks_custom_css":"","_kad_blocks_head_custom_js":"","_kad_blocks_body_custom_js":"","_kad_blocks_footer_custom_js":"","_kad_post_transparent":"","_kad_post_title":"show","_kad_post_layout":"narrow","_kad_post_sidebar_id":"","_kad_post_content_style":"","_kad_post_vertical_padding":"show","_kad_post_feature":"","_kad_post_feature_position":"","_kad_post_header":false,"_kad_post_footer":false,"footnotes":""},"class_list":["post-3","page","type-page","status-publish","hentry"],"featured_image_src_large":false,"author_info":{"display_name":"Tristan Quevilly","author_link":"https:\/\/mincaglamping.com\/fr\/author\/tristan\/"},"comment_info":0,"taxonomy_info":[],"_links":{"self":[{"href":"https:\/\/mincaglamping.com\/fr\/wp-json\/wp\/v2\/pages\/3","targetHints":{"allow":["GET"]}}],"collection":[{"href":"https:\/\/mincaglamping.com\/fr\/wp-json\/wp\/v2\/pages"}],"about":[{"href":"https:\/\/mincaglamping.com\/fr\/wp-json\/wp\/v2\/types\/page"}],"author":[{"embeddable":true,"href":"https:\/\/mincaglamping.com\/fr\/wp-json\/wp\/v2\/users\/2"}],"replies":[{"embeddable":true,"href":"https:\/\/mincaglamping.com\/fr\/wp-json\/wp\/v2\/comments?post=3"}],"version-history":[{"count":3,"href":"https:\/\/mincaglamping.com\/fr\/wp-json\/wp\/v2\/pages\/3\/revisions"}],"predecessor-version":[{"id":76,"href":"https:\/\/mincaglamping.com\/fr\/wp-json\/wp\/v2\/pages\/3\/revisions\/76"}],"wp:attachment":[{"href":"https:\/\/mincaglamping.com\/fr\/wp-json\/wp\/v2\/media?parent=3"}],"curies":[{"name":"wp","href":"https:\/\/api.w.org\/{rel}","templated":true}]}}